{"id":97,"date":"2022-01-27T10:58:35","date_gmt":"2022-01-27T10:58:35","guid":{"rendered":"http:\/\/cognito.mprinsdesign.nl\/?page_id=97"},"modified":"2024-03-20T15:40:35","modified_gmt":"2024-03-20T15:40:35","slug":"lokalizacja","status":"publish","type":"page","link":"https:\/\/estepona-sands.com\/pl\/lokalizacja\/","title":{"rendered":"Lokalizacja"},"content":{"rendered":"<section class=\"wpb-content-wrapper\"><div  class=\"content_row row page-content vc_row wpb_row  default-style fullwidth\" >\n\t\n\t<div class=\"content_row_wrapper  default\" >\n\t<div id=\"asdasd\" class=\"vc_col-sm-12 wpb_column vc_column_container\" >\n\t<div class=\"vc_column-inner\">\n\t\t<div class=\"wpb_wrapper\" >\n\t\t\t<div class=\"rt_heading_wrapper no-style\">\n\t\t\t\t\t\t<h1 class=\"rt_heading  no-style\"  style=\"font-size:24px;margin-top:24px;margin-bottom:0px;\">Lokalizacja - <span class=\"after_h1\">Piaski Estepony<\/span><\/h1> \n\t\t\t\t\t<\/div><div class=\"vc_empty_space\"   style=\"height: 32px\"><span class=\"vc_empty_space_inner\"><\/span><\/div><div class=\"vc_separator wpb_content_element vc_separator_align_center vc_sep_width_100 vc_sep_style-4 vc_sep_pos_align_center vc_separator_no_text vc_sep_color_grey\" ><span class=\"vc_sep_holder vc_sep_holder_l\"><span class=\"vc_sep_line\"><\/span><\/span><span class=\"vc_sep_holder vc_sep_holder_r\"><span class=\"vc_sep_line\"><\/span><\/span>\n<\/div>\n\t\t<\/div>\n\t<\/div>\n\t<\/div>\n\n<\/div>\n<\/div>\n\n<div  class=\"content_row row room-list vc_row wpb_row  default-style fullwidth\" >\n\t\n\t<div class=\"content_row_wrapper  fullwidth\" >\n\t<div id=\"asdasd\" class=\"vc_col-sm-12 wpb_column vc_column_container\" >\n\t<div class=\"vc_column-inner\">\n\t\t<div class=\"wpb_wrapper\" >\n\t\t\t<div class=\"google_map_holder\" data-height=\"300\" data-scope=\"#map-541063\" data-bw=\"\">\n\n\t\t\t<div id=\"map-541063\" class=\"google_map\"><\/div>\n\t\t\t<script type=\"text\/javascript\">\n\t\t\t \/* <![CDATA[ *\/ \n\t\t\t\t\/\/ Runs google maps\t\n\t\t\t\t\tjQuery(function() {\n\t\t\t\t\t\tjQuery(\"#map-541063\").rt_maps([[\"Marbella\", 36.4226797219, -5.163347808, 4,\"\"],],10); \n\t\t\t\t\t});\n\t\t\t\/* ]]> *\/\t\n\t\t\t<\/script>\n\n\t\t<\/div><div class=\"vc_empty_space\"   style=\"height: 90px\"><span class=\"vc_empty_space_inner\"><\/span><\/div><div class=\"rt_quote\"  >\n\t\t\t\t\t\t\t<p>\n\t\t\t\t\t\t\t\t<span class=\"icon-quote-left\"><\/span>\n\t\t\t\t\t\t\t\t<\/p>\n<p id=\"tw-target-text\" class=\"tw-data-text tw-text-large tw-ta\" dir=\"ltr\" data-placeholder=\"Vertaling\" data-ved=\"2ahUKEwjrwKua7ISEAxXezgIHHeULBkAQ3ewLegQIBRAQ\"><span class=\"Y2IQFc\" lang=\"nl\">Miejsce, w kt\u00f3rym mo\u017cna cieszy\u0107 si\u0119 okolic\u0105, spokojem, \u017cyciem pobliskich miast i wsi oraz ekskluzywno\u015bci\u0105 wyj\u0105tkowej enklawy.<\/span><\/p>\n<p>\n\t\t\t\t\t\t\t\t<span class=\"icon-quote-right\"><\/span>\n\t\t\t\t\t\t\t<\/p>\n\t\t\t\t\t\t\t\n\t\t\t\t\t<\/div>\n\t\t<\/div>\n\t<\/div>\n\t<\/div>\n\n<\/div>\n<\/div>\n\n<div  class=\"content_row row vc_row wpb_row  default-style fullwidth\" >\n\t\n\t<div class=\"content_row_wrapper  default\" >\n\t<div id=\"asdasd\" class=\"vc_col-sm-12 wpb_column vc_column_container\" >\n\t<div class=\"vc_column-inner\">\n\t\t<div class=\"wpb_wrapper\" >\n\t\t\t\n\t\t<div  class=\"info_box margin-b20 clearfix announcement announcement\" data-rt-animate=\"animate\" data-rt-animation-type=\"fadeInDown\" data-rt-animation-group=\"single\">\n\t\t\t<span class=\"icon-cancel\"><\/span>\n\t\t\t<p class=\"icon-megaphone-1\">\n\t\t\t\t<\/p>\n<ul>\n<li>Lotnisko (50-100 km)<\/li>\n<li>Pla\u017ca (1-2 km)<\/li>\n<li>\u00a0Morze (1-2 km)<\/li>\n<li>Widok na morze<\/li>\n<li>Widok na wzg\u00f3rza<\/li>\n<li>Widok miasta<\/li>\n<li>Przystanek autobusowy przy kompleksie<\/li>\n<li>Sklepy\/centrum handlowe w odleg\u0142o\u015bci spaceru<\/li>\n<li>Bary\/restauracje w odleg\u0142o\u015bci spaceru<\/li>\n<li>Estepona (europejski finalista konkursu Miasto Roku 2023)<\/li>\n<\/ul>\n<p>\n\t\t\t<\/p>\n\t\t<\/div>\n\t\n\t\t<\/div>\n\t<\/div>\n\t<\/div>\n\n<\/div>\n<\/div>\n<\/section>","protected":false},"excerpt":{"rendered":"<p>\u2026 <a class=\"more-link\" href=\"https:\/\/estepona-sands.com\/pl\/lokalizacja\/\">Kontynuuj czytanie<\/a><\/p>","protected":false},"author":1,"featured_media":4358,"parent":0,"menu_order":5,"comment_status":"closed","ping_status":"closed","template":"","meta":{"footnotes":""},"class_list":["post-97","page","type-page","status-publish","has-post-thumbnail","hentry"],"yoast_head":"<!-- This site is optimized with the Yoast SEO plugin v26.0 - https:\/\/yoast.com\/wordpress\/plugins\/seo\/ -->\n<title>Locatie - Estepona Sands<\/title>\n<meta name=\"robots\" content=\"index, follow, max-snippet:-1, max-image-preview:large, max-video-preview:-1\" \/>\n<link rel=\"canonical\" href=\"https:\/\/estepona-sands.com\/pl\/lokalizacja\/\" \/>\n<meta property=\"og:locale\" content=\"pl_PL\" \/>\n<meta property=\"og:type\" content=\"article\" \/>\n<meta property=\"og:title\" content=\"Locatie - Estepona Sands\" \/>\n<meta property=\"og:url\" content=\"https:\/\/estepona-sands.com\/pl\/lokalizacja\/\" \/>\n<meta property=\"og:site_name\" content=\"Estepona Sands\" \/>\n<meta property=\"article:modified_time\" content=\"2024-03-20T15:40:35+00:00\" \/>\n<meta property=\"og:image\" content=\"https:\/\/estepona-sands.com\/wp-content\/uploads\/sites\/35\/2024\/01\/header_2.jpg\" \/>\n\t<meta property=\"og:image:width\" content=\"1466\" \/>\n\t<meta property=\"og:image:height\" content=\"559\" \/>\n\t<meta property=\"og:image:type\" content=\"image\/jpeg\" \/>\n<meta name=\"twitter:card\" content=\"summary_large_image\" \/>\n<meta name=\"twitter:label1\" content=\"Szacowany czas czytania\" \/>\n\t<meta name=\"twitter:data1\" content=\"2 minuty\" \/>\n<script type=\"application\/ld+json\" class=\"yoast-schema-graph\">{\"@context\":\"https:\/\/schema.org\",\"@graph\":[{\"@type\":\"WebPage\",\"@id\":\"https:\/\/estepona-sands.com\/locatie\/\",\"url\":\"https:\/\/estepona-sands.com\/locatie\/\",\"name\":\"Locatie - Estepona Sands\",\"isPartOf\":{\"@id\":\"https:\/\/estepona-sands.com\/#website\"},\"primaryImageOfPage\":{\"@id\":\"https:\/\/estepona-sands.com\/locatie\/#primaryimage\"},\"image\":{\"@id\":\"https:\/\/estepona-sands.com\/locatie\/#primaryimage\"},\"thumbnailUrl\":\"https:\/\/estepona-sands.com\/wp-content\/uploads\/sites\/35\/2024\/01\/header_2.jpg\",\"datePublished\":\"2022-01-27T10:58:35+00:00\",\"dateModified\":\"2024-03-20T15:40:35+00:00\",\"breadcrumb\":{\"@id\":\"https:\/\/estepona-sands.com\/locatie\/#breadcrumb\"},\"inLanguage\":\"pl-PL\",\"potentialAction\":[{\"@type\":\"ReadAction\",\"target\":[\"https:\/\/estepona-sands.com\/locatie\/\"]}]},{\"@type\":\"ImageObject\",\"inLanguage\":\"pl-PL\",\"@id\":\"https:\/\/estepona-sands.com\/locatie\/#primaryimage\",\"url\":\"https:\/\/estepona-sands.com\/wp-content\/uploads\/sites\/35\/2024\/01\/header_2.jpg\",\"contentUrl\":\"https:\/\/estepona-sands.com\/wp-content\/uploads\/sites\/35\/2024\/01\/header_2.jpg\",\"width\":1466,\"height\":559},{\"@type\":\"BreadcrumbList\",\"@id\":\"https:\/\/estepona-sands.com\/locatie\/#breadcrumb\",\"itemListElement\":[{\"@type\":\"ListItem\",\"position\":1,\"name\":\"Home\",\"item\":\"https:\/\/estepona-sands.com\/\"},{\"@type\":\"ListItem\",\"position\":2,\"name\":\"Locatie\"}]},{\"@type\":\"WebSite\",\"@id\":\"https:\/\/estepona-sands.com\/#website\",\"url\":\"https:\/\/estepona-sands.com\/\",\"name\":\"Estepona Sands\",\"description\":\"Exclusive houses for unique people\",\"potentialAction\":[{\"@type\":\"SearchAction\",\"target\":{\"@type\":\"EntryPoint\",\"urlTemplate\":\"https:\/\/estepona-sands.com\/?s={search_term_string}\"},\"query-input\":{\"@type\":\"PropertyValueSpecification\",\"valueRequired\":true,\"valueName\":\"search_term_string\"}}],\"inLanguage\":\"pl-PL\"}]}<\/script>\n<!-- \/ Yoast SEO plugin. -->","yoast_head_json":{"title":"Lokalizacja - Piaski Estepony","robots":{"index":"index","follow":"follow","max-snippet":"max-snippet:-1","max-image-preview":"max-image-preview:large","max-video-preview":"max-video-preview:-1"},"canonical":"https:\/\/estepona-sands.com\/pl\/lokalizacja\/","og_locale":"pl_PL","og_type":"article","og_title":"Locatie - Estepona Sands","og_url":"https:\/\/estepona-sands.com\/pl\/lokalizacja\/","og_site_name":"Estepona Sands","article_modified_time":"2024-03-20T15:40:35+00:00","og_image":[{"width":1466,"height":559,"url":"https:\/\/estepona-sands.com\/wp-content\/uploads\/sites\/35\/2024\/01\/header_2.jpg","type":"image\/jpeg"}],"twitter_card":"summary_large_image","twitter_misc":{"Szacowany czas czytania":"2 minuty"},"schema":{"@context":"https:\/\/schema.org","@graph":[{"@type":"WebPage","@id":"https:\/\/estepona-sands.com\/locatie\/","url":"https:\/\/estepona-sands.com\/locatie\/","name":"Lokalizacja - Piaski Estepony","isPartOf":{"@id":"https:\/\/estepona-sands.com\/#website"},"primaryImageOfPage":{"@id":"https:\/\/estepona-sands.com\/locatie\/#primaryimage"},"image":{"@id":"https:\/\/estepona-sands.com\/locatie\/#primaryimage"},"thumbnailUrl":"https:\/\/estepona-sands.com\/wp-content\/uploads\/sites\/35\/2024\/01\/header_2.jpg","datePublished":"2022-01-27T10:58:35+00:00","dateModified":"2024-03-20T15:40:35+00:00","breadcrumb":{"@id":"https:\/\/estepona-sands.com\/locatie\/#breadcrumb"},"inLanguage":"pl-PL","potentialAction":[{"@type":"ReadAction","target":["https:\/\/estepona-sands.com\/locatie\/"]}]},{"@type":"ImageObject","inLanguage":"pl-PL","@id":"https:\/\/estepona-sands.com\/locatie\/#primaryimage","url":"https:\/\/estepona-sands.com\/wp-content\/uploads\/sites\/35\/2024\/01\/header_2.jpg","contentUrl":"https:\/\/estepona-sands.com\/wp-content\/uploads\/sites\/35\/2024\/01\/header_2.jpg","width":1466,"height":559},{"@type":"BreadcrumbList","@id":"https:\/\/estepona-sands.com\/locatie\/#breadcrumb","itemListElement":[{"@type":"ListItem","position":1,"name":"Home","item":"https:\/\/estepona-sands.com\/"},{"@type":"ListItem","position":2,"name":"Locatie"}]},{"@type":"WebSite","@id":"https:\/\/estepona-sands.com\/#website","url":"https:\/\/estepona-sands.com\/","name":"Piaski Estepony","description":"Ekskluzywne domy dla wyj\u0105tkowych ludzi","potentialAction":[{"@type":"SearchAction","target":{"@type":"EntryPoint","urlTemplate":"https:\/\/estepona-sands.com\/?s={search_term_string}"},"query-input":{"@type":"PropertyValueSpecification","valueRequired":true,"valueName":"search_term_string"}}],"inLanguage":"pl-PL"}]}},"_links":{"self":[{"href":"https:\/\/estepona-sands.com\/pl\/wp-json\/wp\/v2\/pages\/97","targetHints":{"allow":["GET"]}}],"collection":[{"href":"https:\/\/estepona-sands.com\/pl\/wp-json\/wp\/v2\/pages"}],"about":[{"href":"https:\/\/estepona-sands.com\/pl\/wp-json\/wp\/v2\/types\/page"}],"author":[{"embeddable":true,"href":"https:\/\/estepona-sands.com\/pl\/wp-json\/wp\/v2\/users\/1"}],"replies":[{"embeddable":true,"href":"https:\/\/estepona-sands.com\/pl\/wp-json\/wp\/v2\/comments?post=97"}],"version-history":[{"count":23,"href":"https:\/\/estepona-sands.com\/pl\/wp-json\/wp\/v2\/pages\/97\/revisions"}],"predecessor-version":[{"id":4401,"href":"https:\/\/estepona-sands.com\/pl\/wp-json\/wp\/v2\/pages\/97\/revisions\/4401"}],"wp:featuredmedia":[{"embeddable":true,"href":"https:\/\/estepona-sands.com\/pl\/wp-json\/wp\/v2\/media\/4358"}],"wp:attachment":[{"href":"https:\/\/estepona-sands.com\/pl\/wp-json\/wp\/v2\/media?parent=97"}],"curies":[{"name":"wp","href":"https:\/\/api.w.org\/{rel}","templated":true}]}}